{"id":10,"date":"2025-09-03T10:30:17","date_gmt":"2025-09-03T10:30:17","guid":{"rendered":"https:\/\/mrnemezis.com\/index.php\/start\/"},"modified":"2026-04-04T21:18:49","modified_gmt":"2026-04-04T21:18:49","slug":"start","status":"publish","type":"page","link":"https:\/\/mrnemezis.com\/","title":{"rendered":"Siema Mordo !"},"content":{"rendered":"\n<p class=\"has-text-align-left\">Prawdziwe historie, kt\u00f3re wci\u0105gaj\u0105 mocniej ni\u017c fikcja. Pos\u0142uchaj podcast\u00f3w o \u017cyciu za murami wi\u0119zie\u0144, kryminalnych sprawach i ciemnych stronach codzienno\u015bci. A je\u015bli chcesz wi\u0119cej \u2013 zagl\u0105daj na blog.<\/p>\n\n\n\n<figure class=\"wp-block-image alignright size-large is-resized\"><img loading=\"lazy\" decoding=\"async\" width=\"1024\" height=\"576\" src=\"https:\/\/mrnemezis.com\/wp-content\/uploads\/2025\/09\/plot-1024x576.jpg\" alt=\"\" class=\"wp-image-84\" style=\"width:549px;height:auto\" srcset=\"https:\/\/mrnemezis.com\/wp-content\/uploads\/2025\/09\/plot-1024x576.jpg 1024w, https:\/\/mrnemezis.com\/wp-content\/uploads\/2025\/09\/plot-300x169.jpg 300w, https:\/\/mrnemezis.com\/wp-content\/uploads\/2025\/09\/plot-768x432.jpg 768w, https:\/\/mrnemezis.com\/wp-content\/uploads\/2025\/09\/plot.jpg 1280w\" sizes=\"auto, (max-width: 1024px) 100vw, 1024px\" \/><\/figure>\n\n\n\n<p class=\"has-text-align-left\"><strong>Moja historia:<\/strong><br>By\u0142em managerem sprzeda\u017cy w kilku du\u017cych firmach, prowadzi\u0142em w\u0142asne dzia\u0142alno\u015bci, z wykszta\u0142cenia jestem politologiem po Uniwersytecie Wroc\u0142awskim, z zami\u0142owania marketingowcem, a z pasji gitarzyst\u0105.<\/p>\n\n\n\n<p class=\"has-text-align-left\">Pope\u0142ni\u0142em jednak b\u0142\u0105d, kt\u00f3ry zawa\u017cy\u0142 na moim \u017cyciu \u2013 popad\u0142em w alkoholizm. Uzale\u017cnienie w ko\u0144cu zaprowadzi\u0142o mnie do wi\u0119zienia. Tam zrozumia\u0142em, jak bardzo mo\u017cna upa\u015b\u0107 i ile si\u0142y potrzeba, by si\u0119 podnie\u015b\u0107.<\/p>\n\n\n\n<p class=\"has-text-align-left\">Wyszed\u0142em z tego. Dzi\u015b wiem jedno: <strong>p\u00f3ki walczysz \u2013 jeste\u015b zwyci\u0119zc\u0105<\/strong>.<\/p>\n\n\n\n<p class=\"has-text-align-left\">Nagrywam podcasty o tym, jak naprawd\u0119 wygl\u0105da wi\u0119zienie od \u015brodka. Dziel\u0119 si\u0119 do\u015bwiadczeniem walki z uzale\u017cnieniem, opowiadam o \u017cyciu, kt\u00f3re nie zawsze jest czarno-bia\u0142e, i o ludziach, kt\u00f3rych historie cz\u0119sto pozostaj\u0105 ukryte za kratami.<\/p>\n\n\n\n<figure class=\"wp-block-image size-large is-resized\"><img loading=\"lazy\" decoding=\"async\" width=\"1024\" height=\"576\" src=\"https:\/\/mrnemezis.com\/wp-content\/uploads\/2025\/09\/zk-1024x576.png\" alt=\"\" class=\"wp-image-81\" style=\"width:585px;height:auto\" srcset=\"https:\/\/mrnemezis.com\/wp-content\/uploads\/2025\/09\/zk-1024x576.png 1024w, https:\/\/mrnemezis.com\/wp-content\/uploads\/2025\/09\/zk-300x169.png 300w, https:\/\/mrnemezis.com\/wp-content\/uploads\/2025\/09\/zk-768x432.png 768w, https:\/\/mrnemezis.com\/wp-content\/uploads\/2025\/09\/zk.png 1280w\" sizes=\"auto, (max-width: 1024px) 100vw, 1024px\" \/><\/figure>\n","protected":false},"excerpt":{"rendered":"<p>Prawdziwe historie, kt\u00f3re wci\u0105gaj\u0105 mocniej ni\u017c fikcja. Pos\u0142uchaj podcast\u00f3w o \u017cyciu za murami wi\u0119zie\u0144, kryminalnych sprawach i ciemnych stronach codzienno\u015bci. A je\u015bli chcesz wi\u0119cej \u2013 zagl\u0105daj na blog. Moja historia:By\u0142em managerem sprzeda\u017cy w kilku du\u017cych firmach, prowadzi\u0142em w\u0142asne dzia\u0142alno\u015bci, z wykszta\u0142cenia jestem politologiem po Uniwersytecie Wroc\u0142awskim, z zami\u0142owania marketingowcem, a z pasji gitarzyst\u0105. Pope\u0142ni\u0142em jednak [&hellip;]<\/p>\n","protected":false},"author":1,"featured_media":0,"parent":0,"menu_order":0,"comment_status":"closed","ping_status":"closed","template":"","meta":{"footnotes":""},"class_list":["post-10","page","type-page","status-publish","hentry"],"blocksy_meta":[],"jetpack_sharing_enabled":true,"_links":{"self":[{"href":"https:\/\/mrnemezis.com\/index.php\/wp-json\/wp\/v2\/pages\/10","targetHints":{"allow":["GET"]}}],"collection":[{"href":"https:\/\/mrnemezis.com\/index.php\/wp-json\/wp\/v2\/pages"}],"about":[{"href":"https:\/\/mrnemezis.com\/index.php\/wp-json\/wp\/v2\/types\/page"}],"author":[{"embeddable":true,"href":"https:\/\/mrnemezis.com\/index.php\/wp-json\/wp\/v2\/users\/1"}],"replies":[{"embeddable":true,"href":"https:\/\/mrnemezis.com\/index.php\/wp-json\/wp\/v2\/comments?post=10"}],"version-history":[{"count":14,"href":"https:\/\/mrnemezis.com\/index.php\/wp-json\/wp\/v2\/pages\/10\/revisions"}],"predecessor-version":[{"id":99,"href":"https:\/\/mrnemezis.com\/index.php\/wp-json\/wp\/v2\/pages\/10\/revisions\/99"}],"wp:attachment":[{"href":"https:\/\/mrnemezis.com\/index.php\/wp-json\/wp\/v2\/media?parent=10"}],"curies":[{"name":"wp","href":"https:\/\/api.w.org\/{rel}","templated":true}]}}