{"id":101,"date":"2025-09-10T09:26:02","date_gmt":"2025-09-10T09:26:02","guid":{"rendered":"https:\/\/mrnemezis.com\/?page_id=101"},"modified":"2025-09-10T09:26:02","modified_gmt":"2025-09-10T09:26:02","slug":"wspieraj-rozwoj-podcastu","status":"publish","type":"page","link":"https:\/\/mrnemezis.com\/index.php\/wspieraj-rozwoj-podcastu\/","title":{"rendered":"Wspieraj rozw\u00f3j podcastu"},"content":{"rendered":"\n<p>Pewnie domy\u015blasz si\u0119, \u017ce m\u00f3j podcast to ca\u0142kowicie niezale\u017cna inicjatywa nie posiadaj\u0105ca, \u017cadnego sta\u0142ego zewn\u0119trznego \u017ar\u00f3d\u0142a finansowania. Chcia\u0142bym nagrywa\u0107 jeszcze wi\u0119cej  warto\u015bciowych odcink\u00f3w. Mam w planach realizacje cyklu rozm\u00f3w z osadzonymi za naprawd\u0119 ci\u0119\u017ckie zbrodnie &#8211; wszystko to wymaga czasu ale i pieni\u0119dzy dlatego je\u015bli chcesz u\u0142atwi\u0107 mi rozw\u00f3j i umo\u017cliwi\u0107 realizacje nawet najbardziej ambitnych moich plan\u00f3w wesprzyj m\u00f3j podcast poprzez: <\/p>\n\n\n\n<figure class=\"wp-block-image aligncenter size-full\"><a href=\"https:\/\/patronite.pl\/mr.nemezis\"><img loading=\"lazy\" decoding=\"async\" width=\"310\" height=\"163\" src=\"https:\/\/mrnemezis.com\/wp-content\/uploads\/2025\/09\/images.png\" alt=\"\" class=\"wp-image-102\" srcset=\"https:\/\/mrnemezis.com\/wp-content\/uploads\/2025\/09\/images.png 310w, https:\/\/mrnemezis.com\/wp-content\/uploads\/2025\/09\/images-300x158.png 300w\" sizes=\"auto, (max-width: 310px) 100vw, 310px\" \/><\/a><\/figure>\n\n\n\n<figure class=\"wp-block-image aligncenter size-full is-resized\"><a href=\"https:\/\/buycoffee.to\/mr.nemezis666\"><img loading=\"lazy\" decoding=\"async\" width=\"640\" height=\"224\" src=\"https:\/\/mrnemezis.com\/wp-content\/uploads\/2025\/09\/Projekt-bez-nazwy-285-29-640w.webp\" alt=\"\" class=\"wp-image-103\" style=\"width:290px;height:auto\" srcset=\"https:\/\/mrnemezis.com\/wp-content\/uploads\/2025\/09\/Projekt-bez-nazwy-285-29-640w.webp 640w, https:\/\/mrnemezis.com\/wp-content\/uploads\/2025\/09\/Projekt-bez-nazwy-285-29-640w-300x105.webp 300w\" sizes=\"auto, (max-width: 640px) 100vw, 640px\" \/><\/a><\/figure>\n","protected":false},"excerpt":{"rendered":"<p>Pewnie domy\u015blasz si\u0119, \u017ce m\u00f3j podcast to ca\u0142kowicie niezale\u017cna inicjatywa nie posiadaj\u0105ca, \u017cadnego sta\u0142ego zewn\u0119trznego \u017ar\u00f3d\u0142a finansowania. Chcia\u0142bym nagrywa\u0107 jeszcze wi\u0119cej warto\u015bciowych odcink\u00f3w. Mam w planach realizacje cyklu rozm\u00f3w z osadzonymi za naprawd\u0119 ci\u0119\u017ckie zbrodnie &#8211; wszystko to wymaga czasu ale i pieni\u0119dzy dlatego je\u015bli chcesz u\u0142atwi\u0107 mi rozw\u00f3j i umo\u017cliwi\u0107 realizacje nawet najbardziej ambitnych [&hellip;]<\/p>\n","protected":false},"author":1,"featured_media":0,"parent":0,"menu_order":0,"comment_status":"closed","ping_status":"closed","template":"","meta":{"footnotes":""},"class_list":["post-101","page","type-page","status-publish","hentry"],"blocksy_meta":[],"jetpack_sharing_enabled":true,"_links":{"self":[{"href":"https:\/\/mrnemezis.com\/index.php\/wp-json\/wp\/v2\/pages\/101","targetHints":{"allow":["GET"]}}],"collection":[{"href":"https:\/\/mrnemezis.com\/index.php\/wp-json\/wp\/v2\/pages"}],"about":[{"href":"https:\/\/mrnemezis.com\/index.php\/wp-json\/wp\/v2\/types\/page"}],"author":[{"embeddable":true,"href":"https:\/\/mrnemezis.com\/index.php\/wp-json\/wp\/v2\/users\/1"}],"replies":[{"embeddable":true,"href":"https:\/\/mrnemezis.com\/index.php\/wp-json\/wp\/v2\/comments?post=101"}],"version-history":[{"count":1,"href":"https:\/\/mrnemezis.com\/index.php\/wp-json\/wp\/v2\/pages\/101\/revisions"}],"predecessor-version":[{"id":104,"href":"https:\/\/mrnemezis.com\/index.php\/wp-json\/wp\/v2\/pages\/101\/revisions\/104"}],"wp:attachment":[{"href":"https:\/\/mrnemezis.com\/index.php\/wp-json\/wp\/v2\/media?parent=101"}],"curies":[{"name":"wp","href":"https:\/\/api.w.org\/{rel}","templated":true}]}}