{"id":11,"date":"2025-09-03T10:30:17","date_gmt":"2025-09-03T10:30:17","guid":{"rendered":"https:\/\/mrnemezis.com\/index.php\/podcasty\/"},"modified":"2025-09-09T20:30:26","modified_gmt":"2025-09-09T20:30:26","slug":"podcasty","status":"publish","type":"page","link":"https:\/\/mrnemezis.com\/index.php\/podcasty\/","title":{"rendered":"Podcasty"},"content":{"rendered":"\n<p>Zapraszam do moich podcast\u00f3w. Jest ju\u017c tak wiele odcink\u00f3w, \u017ce nie wiem kt\u00f3ry poleci\u0107, nie mam chyba swojego ulubionego &#8211; no mo\u017ce jeden jedyny&#8230;<\/p>\n\n\n\n<p>Mo\u017cna mnie s\u0142ucha\u0107 na YouTube i na Spotify a niebawem tak\u017ce na Apple Podcast<\/p>\n\n\n\n<figure class=\"wp-block-image aligncenter size-full is-resized\"><a href=\"https:\/\/www.youtube.com\/@Mr.Nemezis\" target=\"_blank\" rel=\" noreferrer noopener\"><img loading=\"lazy\" decoding=\"async\" width=\"269\" height=\"148\" src=\"https:\/\/mrnemezis.com\/wp-content\/uploads\/2025\/09\/yt.png\" alt=\"\" class=\"wp-image-92\" style=\"width:169px;height:auto\"\/><\/a><\/figure>\n\n\n\n<figure class=\"wp-block-image aligncenter size-full is-resized\"><a href=\"https:\/\/open.spotify.com\/show\/11dy2YxhziQj9LV4gF7sfD?si=Jxyc9oYESc-5PWMGhwZOoQ&amp;nd=1&amp;dlsi=330ac7b0857743f2\"><img loading=\"lazy\" decoding=\"async\" width=\"215\" height=\"148\" src=\"https:\/\/mrnemezis.com\/wp-content\/uploads\/2025\/09\/sp.png\" alt=\"\" class=\"wp-image-93\" style=\"width:166px;height:auto\"\/><\/a><\/figure>\n\n\n\n<p><\/p>\n","protected":false},"excerpt":{"rendered":"<p>Zapraszam do moich podcast\u00f3w. Jest ju\u017c tak wiele odcink\u00f3w, \u017ce nie wiem kt\u00f3ry poleci\u0107, nie mam chyba swojego ulubionego &#8211; no mo\u017ce jeden jedyny&#8230; Mo\u017cna mnie s\u0142ucha\u0107 na YouTube i na Spotify a niebawem tak\u017ce na Apple Podcast<\/p>\n","protected":false},"author":0,"featured_media":0,"parent":0,"menu_order":0,"comment_status":"closed","ping_status":"closed","template":"","meta":{"footnotes":""},"class_list":["post-11","page","type-page","status-publish","hentry"],"blocksy_meta":[],"jetpack_sharing_enabled":true,"_links":{"self":[{"href":"https:\/\/mrnemezis.com\/index.php\/wp-json\/wp\/v2\/pages\/11","targetHints":{"allow":["GET"]}}],"collection":[{"href":"https:\/\/mrnemezis.com\/index.php\/wp-json\/wp\/v2\/pages"}],"about":[{"href":"https:\/\/mrnemezis.com\/index.php\/wp-json\/wp\/v2\/types\/page"}],"replies":[{"embeddable":true,"href":"https:\/\/mrnemezis.com\/index.php\/wp-json\/wp\/v2\/comments?post=11"}],"version-history":[{"count":4,"href":"https:\/\/mrnemezis.com\/index.php\/wp-json\/wp\/v2\/pages\/11\/revisions"}],"predecessor-version":[{"id":96,"href":"https:\/\/mrnemezis.com\/index.php\/wp-json\/wp\/v2\/pages\/11\/revisions\/96"}],"wp:attachment":[{"href":"https:\/\/mrnemezis.com\/index.php\/wp-json\/wp\/v2\/media?parent=11"}],"curies":[{"name":"wp","href":"https:\/\/api.w.org\/{rel}","templated":true}]}}