{"id":14,"date":"2025-09-03T10:30:19","date_gmt":"2025-09-03T10:30:19","guid":{"rendered":"https:\/\/mrnemezis.com\/index.php\/kontakt\/"},"modified":"2026-03-16T17:40:49","modified_gmt":"2026-03-16T17:40:49","slug":"kontakt","status":"publish","type":"page","link":"https:\/\/mrnemezis.com\/index.php\/kontakt\/","title":{"rendered":"Kontakt"},"content":{"rendered":"\n<p>Je\u015bli chcesz si\u0119 ze mn\u0105 skontaktowa\u0107 w dowolnej sprawie napisz &#8211; je\u015bli interesuje Ci\u0119 wsp\u00f3\u0142praca komercyjna &#8211; tym bardziej napisz a do tego zerknij na m\u00f3j aktualny <a href=\"https:\/\/mrnemezis.com\/wp-content\/uploads\/2025\/09\/mr_nemezis.pdf\"><strong>media kit<\/strong><\/a><\/p>\n\n\n<div style=\"max-width:600px; margin:0 auto;\">\n  <style id=\"wpforms-css-vars-64\">\n\t\t\t\t#wpforms-64 {\n\t\t\t\t--wpforms-container-padding: 0px;\n--wpforms-container-border-width: 1px;\n--wpforms-container-border-radius: 3px;\n--wpforms-background-color: rgba(0, 0, 0, 0);\n--wpforms-field-size-input-height: 43px;\n--wpforms-field-size-input-spacing: 15px;\n--wpforms-field-size-font-size: 16px;\n--wpforms-field-size-line-height: 19px;\n--wpforms-field-size-padding-h: 14px;\n--wpforms-field-size-checkbox-size: 16px;\n--wpforms-field-size-sublabel-spacing: 5px;\n--wpforms-field-size-icon-size: 1;\n--wpforms-label-size-font-size: 16px;\n--wpforms-label-size-line-height: 19px;\n--wpforms-label-size-sublabel-font-size: 14px;\n--wpforms-label-size-sublabel-line-height: 17px;\n--wpforms-button-size-font-size: 17px;\n--wpforms-button-size-height: 41px;\n--wpforms-button-size-padding-h: 15px;\n--wpforms-button-size-margin-top: 10px;\n--wpforms-container-shadow-size-box-shadow: none;\n\n\t\t\t}\n\t\t\t<\/style><div class=\"wpforms-container wpforms-container-full wpforms-render-modern\" id=\"wpforms-64\"><form id=\"wpforms-form-64\" class=\"wpforms-validate wpforms-form wpforms-ajax-form\" data-formid=\"64\" method=\"post\" enctype=\"multipart\/form-data\" action=\"\/index.php\/wp-json\/wp\/v2\/pages\/14\" data-token=\"5ec82f6702dace2ef8e823992cad128f\" data-token-time=\"1776409719\"><noscript class=\"wpforms-error-noscript\">Aby wype\u0142ni\u0107 ten formularz, w\u0142\u0105cz obs\u0142ug\u0119 JavaScript w przegl\u0105darce.<\/noscript><div id=\"wpforms-error-noscript\" style=\"display: none;\">Aby wype\u0142ni\u0107 ten formularz, w\u0142\u0105cz obs\u0142ug\u0119 JavaScript w przegl\u0105darce.<\/div><div class=\"wpforms-field-container\"><div id=\"wpforms-64-field_1-container\" class=\"wpforms-field wpforms-field-name\" data-field-id=\"1\"><label class=\"wpforms-field-label\" for=\"wpforms-64-field_1\">Imi\u0119 i nazwisko\/ksywa\/nick\/ <span class=\"wpforms-required-label\" aria-hidden=\"true\">*<\/span><\/label><input type=\"text\" id=\"wpforms-64-field_1\" class=\"wpforms-field-medium wpforms-field-required\" name=\"wpforms[fields][1]\" aria-errormessage=\"wpforms-64-field_1-error\" required><\/div>\t\t<div id=\"wpforms-64-field_4-container\"\n\t\t\tclass=\"wpforms-field wpforms-field-text\"\n\t\t\tdata-field-type=\"text\"\n\t\t\tdata-field-id=\"4\"\n\t\t\t>\n\t\t\t<label class=\"wpforms-field-label\" for=\"wpforms-64-field_4\" >lub i e-mail<\/label>\n\t\t\t<input type=\"text\" id=\"wpforms-64-field_4\" class=\"wpforms-field-medium\" name=\"wpforms[fields][4]\" >\n\t\t<\/div>\n\t\t<div id=\"wpforms-64-field_2-container\" class=\"wpforms-field wpforms-field-email\" data-field-id=\"2\"><label class=\"wpforms-field-label\" for=\"wpforms-64-field_2\">Adres e-mail <span class=\"wpforms-required-label\" aria-hidden=\"true\">*<\/span><\/label><input type=\"email\" id=\"wpforms-64-field_2\" class=\"wpforms-field-medium wpforms-field-required\" name=\"wpforms[fields][2]\" spellcheck=\"false\" aria-errormessage=\"wpforms-64-field_2-error\" required><\/div><div id=\"wpforms-64-field_3-container\" class=\"wpforms-field wpforms-field-textarea\" data-field-id=\"3\"><label class=\"wpforms-field-label\" for=\"wpforms-64-field_3\">Komentarz lub wiadomo\u015b\u0107<\/label><textarea id=\"wpforms-64-field_3\" class=\"wpforms-field-medium\" name=\"wpforms[fields][3]\" aria-errormessage=\"wpforms-64-field_3-error\" ><\/textarea><\/div><script>\n\t\t\t\t( function() {\n\t\t\t\t\tconst style = document.createElement( 'style' );\n\t\t\t\t\tstyle.appendChild( document.createTextNode( '#wpforms-64-field_4-container { position: absolute !important; overflow: hidden !important; display: inline !important; height: 1px !important; width: 1px !important; z-index: -1000 !important; padding: 0 !important; } #wpforms-64-field_4-container input { visibility: hidden; } #wpforms-conversational-form-page #wpforms-64-field_4-container label { counter-increment: none; }' ) );\n\t\t\t\t\tdocument.head.appendChild( style );\n\t\t\t\t\tdocument.currentScript?.remove();\n\t\t\t\t} )();\n\t\t\t<\/script><\/div><!-- .wpforms-field-container --><div class=\"wpforms-submit-container\" ><input type=\"hidden\" name=\"wpforms[id]\" value=\"64\"><input type=\"hidden\" name=\"page_title\" value=\"\"><input type=\"hidden\" name=\"page_url\" value=\"https:\/\/mrnemezis.com\/index.php\/wp-json\/wp\/v2\/pages\/14\"><input type=\"hidden\" name=\"url_referer\" value=\"\"><button type=\"submit\" name=\"wpforms[submit]\" id=\"wpforms-submit-64\" class=\"wpforms-submit\" data-alt-text=\"Wysy\u0142anie...\" data-submit-text=\"Prze\u015blij\" aria-live=\"assertive\" value=\"wpforms-submit\">Prze\u015blij<\/button><img loading=\"lazy\" decoding=\"async\" src=\"https:\/\/mrnemezis.com\/wp-content\/plugins\/wpforms-lite\/assets\/images\/submit-spin.svg\" class=\"wpforms-submit-spinner\" style=\"display: none;\" width=\"26\" height=\"26\" alt=\"Wczytywanie\"><\/div><\/form><\/div>  <!-- .wpforms-container -->\n<\/div>\n\n\n\n<div style=\"text-align: center; width: 100%;\">\n  <a href=\"https:\/\/suppi.pl\/nemezis\" target=\"_blank\">\n    <img decoding=\"async\" width=\"249\" src=\"https:\/\/suppi.pl\/api\/widget\/button.svg?fill=6457FD&#038;textColor=ffffff\" style=\"display: inline-block;\"\/>\n  <\/a>\n<\/div>\n\n\n\n<figure class=\"wp-block-image aligncenter size-large is-resized\"><img loading=\"lazy\" decoding=\"async\" width=\"1024\" height=\"576\" src=\"https:\/\/mrnemezis.com\/wp-content\/uploads\/2025\/09\/maxresdefault-1024x576.png\" alt=\"\" class=\"wp-image-88\" style=\"width:526px;height:auto\" srcset=\"https:\/\/mrnemezis.com\/wp-content\/uploads\/2025\/09\/maxresdefault-1024x576.png 1024w, https:\/\/mrnemezis.com\/wp-content\/uploads\/2025\/09\/maxresdefault-300x169.png 300w, https:\/\/mrnemezis.com\/wp-content\/uploads\/2025\/09\/maxresdefault-768x432.png 768w, https:\/\/mrnemezis.com\/wp-content\/uploads\/2025\/09\/maxresdefault.png 1280w\" sizes=\"auto, (max-width: 1024px) 100vw, 1024px\" \/><\/figure>\n","protected":false},"excerpt":{"rendered":"<p>Je\u015bli chcesz si\u0119 ze mn\u0105 skontaktowa\u0107 w dowolnej sprawie napisz &#8211; je\u015bli interesuje Ci\u0119 wsp\u00f3\u0142praca komercyjna &#8211; tym bardziej napisz a do tego zerknij na m\u00f3j aktualny media kit<\/p>\n","protected":false},"author":0,"featured_media":0,"parent":0,"menu_order":0,"comment_status":"closed","ping_status":"closed","template":"","meta":{"footnotes":""},"class_list":["post-14","page","type-page","status-publish","hentry"],"blocksy_meta":[],"jetpack_sharing_enabled":true,"_links":{"self":[{"href":"https:\/\/mrnemezis.com\/index.php\/wp-json\/wp\/v2\/pages\/14","targetHints":{"allow":["GET"]}}],"collection":[{"href":"https:\/\/mrnemezis.com\/index.php\/wp-json\/wp\/v2\/pages"}],"about":[{"href":"https:\/\/mrnemezis.com\/index.php\/wp-json\/wp\/v2\/types\/page"}],"replies":[{"embeddable":true,"href":"https:\/\/mrnemezis.com\/index.php\/wp-json\/wp\/v2\/comments?post=14"}],"version-history":[{"count":7,"href":"https:\/\/mrnemezis.com\/index.php\/wp-json\/wp\/v2\/pages\/14\/revisions"}],"predecessor-version":[{"id":154,"href":"https:\/\/mrnemezis.com\/index.php\/wp-json\/wp\/v2\/pages\/14\/revisions\/154"}],"wp:attachment":[{"href":"https:\/\/mrnemezis.com\/index.php\/wp-json\/wp\/v2\/media?parent=14"}],"curies":[{"name":"wp","href":"https:\/\/api.w.org\/{rel}","templated":true}]}}