{"id":157,"date":"2026-04-04T21:08:35","date_gmt":"2026-04-04T21:08:35","guid":{"rendered":"https:\/\/mrnemezis.com\/?page_id=157"},"modified":"2026-04-05T16:43:45","modified_gmt":"2026-04-05T16:43:45","slug":"33-lata-falszu-i-obludy","status":"publish","type":"page","link":"https:\/\/mrnemezis.com\/index.php\/33-lata-falszu-i-obludy\/","title":{"rendered":"33 lata fa\u0142szu i ob\u0142udy"},"content":{"rendered":"\n<blockquote class=\"wp-block-quote is-layout-flow wp-block-quote-is-layout-flow\">\n<p><em>T\u0119 ksi\u0105\u017ck\u0119 dedykuje tym,<\/em><\/p>\n\n\n\n<p><em>&nbsp;kt\u00f3rzy zawsze byli sob\u0105 i mogli spojrze\u0107 w lustro.<\/em><\/p>\n\n\n\n<p><em>Je\u015bli urodzi\u0142e\u015b si\u0119 porz\u0105dnym cz\u0142owiekiem&nbsp;<\/em><\/p>\n\n\n\n<p><em>to zawsze nim b\u0119dziesz.<\/em><\/p>\n<\/blockquote>\n\n\n\n<p>Zapraszam Ci\u0119 do Wys\u0142uchania fragmentu ksi\u0105\u017cki <strong>autorstwa Andrzeja<\/strong>. Mam nadziej\u0119, \u017ce b\u0119dzie si\u0119 Wam r\u00f3wnie dobrze s\u0142ucha\u0142o jak mi si\u0119 czyta\u0142o. <\/p>\n\n\n\n<figure class=\"wp-block-audio\"><audio controls src=\"https:\/\/mrnemezis.com\/wp-content\/uploads\/2026\/04\/fragment-1-1.mp3\"><\/audio><\/figure>\n\n\n\n<p>Wersja z muzyk\u0105 znan\u0105 do b\u00f3lu z Opowie\u015bci Wi\u0119ziennych \ud83d\ude42 <\/p>\n\n\n\n<figure class=\"wp-block-audio\"><audio controls src=\"https:\/\/mrnemezis.com\/wp-content\/uploads\/2026\/04\/fragment-1-z-muzyka.mp3\"><\/audio><\/figure>\n\n\n\n<h2 class=\"wp-block-heading\">Pom\u00f3\u017c w wydaniu papierowej wersji ksi\u0105\u017cki<\/h2>\n\n\n\n<p>Marzeniem autora jest wydanie tej oraz innych ksi\u0105\u017cek w wersji papierowej. Mo\u017cesz pom\u00f3c w osi\u0105gni\u0119ciu tego celu i doceni\u0107 jego tw\u00f3rczo\u015b\u0107 kupuj\u0105c symboliczn\u0105 kaw\u0119.<\/p>\n\n\n\n<figure class=\"wp-block-image aligncenter size-full is-resized\"><a href=\"https:\/\/buycoffee.to\/szyszy\"><img loading=\"lazy\" decoding=\"async\" width=\"585\" height=\"86\" src=\"https:\/\/mrnemezis.com\/wp-content\/uploads\/2026\/04\/images.png\" alt=\"\" class=\"wp-image-174\" style=\"width:369px;height:auto\" srcset=\"https:\/\/mrnemezis.com\/wp-content\/uploads\/2026\/04\/images.png 585w, https:\/\/mrnemezis.com\/wp-content\/uploads\/2026\/04\/images-300x44.png 300w\" sizes=\"auto, (max-width: 585px) 100vw, 585px\" \/><\/a><\/figure>\n\n\n\n<figure class=\"wp-block-gallery has-nested-images columns-default is-cropped wp-block-gallery-1 is-layout-flex wp-block-gallery-is-layout-flex\">\n<figure class=\"wp-block-image size-large\"><img loading=\"lazy\" decoding=\"async\" width=\"1024\" height=\"768\" data-id=\"184\" src=\"https:\/\/mrnemezis.com\/wp-content\/uploads\/2026\/04\/WhatsApp-Image-2026-04-05-at-18.06.37-1024x768.jpeg\" alt=\"\" class=\"wp-image-184\" srcset=\"https:\/\/mrnemezis.com\/wp-content\/uploads\/2026\/04\/WhatsApp-Image-2026-04-05-at-18.06.37-1024x768.jpeg 1024w, https:\/\/mrnemezis.com\/wp-content\/uploads\/2026\/04\/WhatsApp-Image-2026-04-05-at-18.06.37-300x225.jpeg 300w, https:\/\/mrnemezis.com\/wp-content\/uploads\/2026\/04\/WhatsApp-Image-2026-04-05-at-18.06.37-768x576.jpeg 768w, https:\/\/mrnemezis.com\/wp-content\/uploads\/2026\/04\/WhatsApp-Image-2026-04-05-at-18.06.37-1536x1152.jpeg 1536w, https:\/\/mrnemezis.com\/wp-content\/uploads\/2026\/04\/WhatsApp-Image-2026-04-05-at-18.06.37.jpeg 1600w\" sizes=\"auto, (max-width: 1024px) 100vw, 1024px\" \/><\/figure>\n\n\n\n<figure class=\"wp-block-image size-large\"><img loading=\"lazy\" decoding=\"async\" width=\"1024\" height=\"768\" data-id=\"183\" src=\"https:\/\/mrnemezis.com\/wp-content\/uploads\/2026\/04\/WhatsApp-Image-2026-04-05-at-18.07.26-1-1024x768.jpeg\" alt=\"\" class=\"wp-image-183\" srcset=\"https:\/\/mrnemezis.com\/wp-content\/uploads\/2026\/04\/WhatsApp-Image-2026-04-05-at-18.07.26-1-1024x768.jpeg 1024w, https:\/\/mrnemezis.com\/wp-content\/uploads\/2026\/04\/WhatsApp-Image-2026-04-05-at-18.07.26-1-300x225.jpeg 300w, https:\/\/mrnemezis.com\/wp-content\/uploads\/2026\/04\/WhatsApp-Image-2026-04-05-at-18.07.26-1-768x576.jpeg 768w, https:\/\/mrnemezis.com\/wp-content\/uploads\/2026\/04\/WhatsApp-Image-2026-04-05-at-18.07.26-1-1536x1152.jpeg 1536w, https:\/\/mrnemezis.com\/wp-content\/uploads\/2026\/04\/WhatsApp-Image-2026-04-05-at-18.07.26-1.jpeg 1600w\" sizes=\"auto, (max-width: 1024px) 100vw, 1024px\" \/><\/figure>\n\n\n\n<figure class=\"wp-block-image size-large\"><img loading=\"lazy\" decoding=\"async\" width=\"1024\" height=\"768\" data-id=\"182\" src=\"https:\/\/mrnemezis.com\/wp-content\/uploads\/2026\/04\/WhatsApp-Image-2026-04-05-at-18.07.26-1024x768.jpeg\" alt=\"\" class=\"wp-image-182\" srcset=\"https:\/\/mrnemezis.com\/wp-content\/uploads\/2026\/04\/WhatsApp-Image-2026-04-05-at-18.07.26-1024x768.jpeg 1024w, https:\/\/mrnemezis.com\/wp-content\/uploads\/2026\/04\/WhatsApp-Image-2026-04-05-at-18.07.26-300x225.jpeg 300w, https:\/\/mrnemezis.com\/wp-content\/uploads\/2026\/04\/WhatsApp-Image-2026-04-05-at-18.07.26-768x576.jpeg 768w, https:\/\/mrnemezis.com\/wp-content\/uploads\/2026\/04\/WhatsApp-Image-2026-04-05-at-18.07.26-1536x1152.jpeg 1536w, https:\/\/mrnemezis.com\/wp-content\/uploads\/2026\/04\/WhatsApp-Image-2026-04-05-at-18.07.26.jpeg 1600w\" sizes=\"auto, (max-width: 1024px) 100vw, 1024px\" \/><\/figure>\n\n\n\n<figure class=\"wp-block-image size-large\"><img loading=\"lazy\" decoding=\"async\" width=\"1024\" height=\"768\" data-id=\"181\" src=\"https:\/\/mrnemezis.com\/wp-content\/uploads\/2026\/04\/WhatsApp-Image-2026-04-05-at-18.06.39-1-1024x768.jpeg\" alt=\"\" class=\"wp-image-181\" srcset=\"https:\/\/mrnemezis.com\/wp-content\/uploads\/2026\/04\/WhatsApp-Image-2026-04-05-at-18.06.39-1-1024x768.jpeg 1024w, https:\/\/mrnemezis.com\/wp-content\/uploads\/2026\/04\/WhatsApp-Image-2026-04-05-at-18.06.39-1-300x225.jpeg 300w, https:\/\/mrnemezis.com\/wp-content\/uploads\/2026\/04\/WhatsApp-Image-2026-04-05-at-18.06.39-1-768x576.jpeg 768w, https:\/\/mrnemezis.com\/wp-content\/uploads\/2026\/04\/WhatsApp-Image-2026-04-05-at-18.06.39-1-1536x1152.jpeg 1536w, https:\/\/mrnemezis.com\/wp-content\/uploads\/2026\/04\/WhatsApp-Image-2026-04-05-at-18.06.39-1.jpeg 1600w\" sizes=\"auto, (max-width: 1024px) 100vw, 1024px\" \/><\/figure>\n\n\n\n<figure class=\"wp-block-image size-large\"><img loading=\"lazy\" decoding=\"async\" width=\"1024\" height=\"768\" data-id=\"185\" src=\"https:\/\/mrnemezis.com\/wp-content\/uploads\/2026\/04\/WhatsApp-Image-2026-04-05-at-18.06.39-1024x768.jpeg\" alt=\"\" class=\"wp-image-185\" srcset=\"https:\/\/mrnemezis.com\/wp-content\/uploads\/2026\/04\/WhatsApp-Image-2026-04-05-at-18.06.39-1024x768.jpeg 1024w, https:\/\/mrnemezis.com\/wp-content\/uploads\/2026\/04\/WhatsApp-Image-2026-04-05-at-18.06.39-300x225.jpeg 300w, https:\/\/mrnemezis.com\/wp-content\/uploads\/2026\/04\/WhatsApp-Image-2026-04-05-at-18.06.39-768x576.jpeg 768w, https:\/\/mrnemezis.com\/wp-content\/uploads\/2026\/04\/WhatsApp-Image-2026-04-05-at-18.06.39-1536x1152.jpeg 1536w, https:\/\/mrnemezis.com\/wp-content\/uploads\/2026\/04\/WhatsApp-Image-2026-04-05-at-18.06.39.jpeg 1600w\" sizes=\"auto, (max-width: 1024px) 100vw, 1024px\" \/><\/figure>\n\n\n\n<figure class=\"wp-block-image size-large\"><img loading=\"lazy\" decoding=\"async\" width=\"1024\" height=\"768\" data-id=\"186\" src=\"https:\/\/mrnemezis.com\/wp-content\/uploads\/2026\/04\/WhatsApp-Image-2026-04-05-at-18.06.38-1024x768.jpeg\" alt=\"\" class=\"wp-image-186\" srcset=\"https:\/\/mrnemezis.com\/wp-content\/uploads\/2026\/04\/WhatsApp-Image-2026-04-05-at-18.06.38-1024x768.jpeg 1024w, https:\/\/mrnemezis.com\/wp-content\/uploads\/2026\/04\/WhatsApp-Image-2026-04-05-at-18.06.38-300x225.jpeg 300w, https:\/\/mrnemezis.com\/wp-content\/uploads\/2026\/04\/WhatsApp-Image-2026-04-05-at-18.06.38-768x576.jpeg 768w, https:\/\/mrnemezis.com\/wp-content\/uploads\/2026\/04\/WhatsApp-Image-2026-04-05-at-18.06.38-1536x1152.jpeg 1536w, https:\/\/mrnemezis.com\/wp-content\/uploads\/2026\/04\/WhatsApp-Image-2026-04-05-at-18.06.38.jpeg 1600w\" sizes=\"auto, (max-width: 1024px) 100vw, 1024px\" \/><\/figure>\n<\/figure>\n\n\n\n<h2 class=\"wp-block-heading\">Podziel si\u0119 opini\u0105<\/h2>\n\n\n<style id=\"wpforms-css-vars-165-block-0182ce26-6d7d-4d08-bfc4-1728b8f4b42f\">\n\t\t\t\t#wpforms-165.wpforms-block-0182ce26-6d7d-4d08-bfc4-1728b8f4b42f {\n\t\t\t\t--wpforms-field-size-input-height: 43px;\n--wpforms-field-size-input-spacing: 15px;\n--wpforms-field-size-font-size: 16px;\n--wpforms-field-size-line-height: 19px;\n--wpforms-field-size-padding-h: 14px;\n--wpforms-field-size-checkbox-size: 16px;\n--wpforms-field-size-sublabel-spacing: 5px;\n--wpforms-field-size-icon-size: 1;\n--wpforms-label-size-font-size: 16px;\n--wpforms-label-size-line-height: 19px;\n--wpforms-label-size-sublabel-font-size: 14px;\n--wpforms-label-size-sublabel-line-height: 17px;\n--wpforms-button-size-font-size: 17px;\n--wpforms-button-size-height: 41px;\n--wpforms-button-size-padding-h: 15px;\n--wpforms-button-size-margin-top: 10px;\n\n\t\t\t}\n\t\t\t<\/style><div class=\"wpforms-container wpforms-container-full wpforms-block wpforms-block-0182ce26-6d7d-4d08-bfc4-1728b8f4b42f wpforms-render-modern\" id=\"wpforms-165\"><form id=\"wpforms-form-165\" class=\"wpforms-validate wpforms-form wpforms-ajax-form\" data-formid=\"165\" method=\"post\" enctype=\"multipart\/form-data\" action=\"\/index.php\/wp-json\/wp\/v2\/pages\/157\" data-token=\"9d75e61668461fdac205c790d0238909\" data-token-time=\"1775428204\"><noscript class=\"wpforms-error-noscript\">Aby wype\u0142ni\u0107 ten formularz, w\u0142\u0105cz obs\u0142ug\u0119 JavaScript w przegl\u0105darce.<\/noscript><div id=\"wpforms-error-noscript\" style=\"display: none;\">Aby wype\u0142ni\u0107 ten formularz, w\u0142\u0105cz obs\u0142ug\u0119 JavaScript w przegl\u0105darce.<\/div><div class=\"wpforms-field-container\"><div id=\"wpforms-165-field_1-container\" class=\"wpforms-field wpforms-field-name\" data-field-id=\"1\"><label class=\"wpforms-field-label\" for=\"wpforms-165-field_1\">Imi\u0119 <span class=\"wpforms-required-label\" aria-hidden=\"true\">*<\/span><\/label><input type=\"text\" id=\"wpforms-165-field_1\" class=\"wpforms-field-medium wpforms-field-required\" name=\"wpforms[fields][1]\" aria-errormessage=\"wpforms-165-field_1-error\" required><\/div><div id=\"wpforms-165-field_2-container\" class=\"wpforms-field wpforms-field-email\" data-field-id=\"2\"><label class=\"wpforms-field-label\" for=\"wpforms-165-field_2\">Adres e-mail <span class=\"wpforms-required-label\" aria-hidden=\"true\">*<\/span><\/label><input type=\"email\" id=\"wpforms-165-field_2\" class=\"wpforms-field-medium wpforms-field-required\" name=\"wpforms[fields][2]\" spellcheck=\"false\" aria-errormessage=\"wpforms-165-field_2-error\" required><\/div>\t\t<div id=\"wpforms-165-field_4-container\"\n\t\t\tclass=\"wpforms-field wpforms-field-text\"\n\t\t\tdata-field-type=\"text\"\n\t\t\tdata-field-id=\"4\"\n\t\t\t>\n\t\t\t<label class=\"wpforms-field-label\" for=\"wpforms-165-field_4\" > krytyka widziana.<\/label>\n\t\t\t<input type=\"text\" id=\"wpforms-165-field_4\" class=\"wpforms-field-medium\" name=\"wpforms[fields][4]\" >\n\t\t<\/div>\n\t\t<div id=\"wpforms-165-field_3-container\" class=\"wpforms-field wpforms-field-textarea\" data-field-id=\"3\"><label class=\"wpforms-field-label\" for=\"wpforms-165-field_3\">Napisz co my\u015blisz o audiobooku. Konstruktywna krytyka mile widziana. <\/label><textarea id=\"wpforms-165-field_3\" class=\"wpforms-field-medium\" name=\"wpforms[fields][3]\" aria-errormessage=\"wpforms-165-field_3-error\" ><\/textarea><\/div><script>\n\t\t\t\t( function() {\n\t\t\t\t\tconst style = document.createElement( 'style' );\n\t\t\t\t\tstyle.appendChild( document.createTextNode( '#wpforms-165-field_4-container { position: absolute !important; overflow: hidden !important; display: inline !important; height: 1px !important; width: 1px !important; z-index: -1000 !important; padding: 0 !important; } #wpforms-165-field_4-container input { visibility: hidden; } #wpforms-conversational-form-page #wpforms-165-field_4-container label { counter-increment: none; }' ) );\n\t\t\t\t\tdocument.head.appendChild( style );\n\t\t\t\t\tdocument.currentScript?.remove();\n\t\t\t\t} )();\n\t\t\t<\/script><\/div><!-- .wpforms-field-container --><div class=\"wpforms-submit-container\" ><input type=\"hidden\" name=\"wpforms[id]\" value=\"165\"><input type=\"hidden\" name=\"page_title\" value=\"\"><input type=\"hidden\" name=\"page_url\" value=\"https:\/\/mrnemezis.com\/index.php\/wp-json\/wp\/v2\/pages\/157\"><input type=\"hidden\" name=\"url_referer\" value=\"\"><button type=\"submit\" name=\"wpforms[submit]\" id=\"wpforms-submit-165\" class=\"wpforms-submit\" data-alt-text=\"Wysy\u0142anie...\" data-submit-text=\"Prze\u015blij\" aria-live=\"assertive\" value=\"wpforms-submit\">Prze\u015blij<\/button><img loading=\"lazy\" decoding=\"async\" src=\"https:\/\/mrnemezis.com\/wp-content\/plugins\/wpforms-lite\/assets\/images\/submit-spin.svg\" class=\"wpforms-submit-spinner\" style=\"display: none;\" width=\"26\" height=\"26\" alt=\"Wczytywanie\"><\/div><\/form><\/div>  <!-- .wpforms-container -->\n\n\n<p><\/p>\n","protected":false},"excerpt":{"rendered":"<p>T\u0119 ksi\u0105\u017ck\u0119 dedykuje tym, &nbsp;kt\u00f3rzy zawsze byli sob\u0105 i mogli spojrze\u0107 w lustro. Je\u015bli urodzi\u0142e\u015b si\u0119 porz\u0105dnym cz\u0142owiekiem&nbsp; to zawsze nim b\u0119dziesz. Zapraszam Ci\u0119 do Wys\u0142uchania fragmentu ksi\u0105\u017cki autorstwa Andrzeja. Mam nadziej\u0119, \u017ce b\u0119dzie si\u0119 Wam r\u00f3wnie dobrze s\u0142ucha\u0142o jak mi si\u0119 czyta\u0142o. Wersja z muzyk\u0105 znan\u0105 do b\u00f3lu z Opowie\u015bci Wi\u0119ziennych \ud83d\ude42 Pom\u00f3\u017c w [&hellip;]<\/p>\n","protected":false},"author":1,"featured_media":0,"parent":0,"menu_order":0,"comment_status":"closed","ping_status":"closed","template":"","meta":{"footnotes":""},"class_list":["post-157","page","type-page","status-publish","hentry"],"blocksy_meta":[],"_links":{"self":[{"href":"https:\/\/mrnemezis.com\/index.php\/wp-json\/wp\/v2\/pages\/157","targetHints":{"allow":["GET"]}}],"collection":[{"href":"https:\/\/mrnemezis.com\/index.php\/wp-json\/wp\/v2\/pages"}],"about":[{"href":"https:\/\/mrnemezis.com\/index.php\/wp-json\/wp\/v2\/types\/page"}],"author":[{"embeddable":true,"href":"https:\/\/mrnemezis.com\/index.php\/wp-json\/wp\/v2\/users\/1"}],"replies":[{"embeddable":true,"href":"https:\/\/mrnemezis.com\/index.php\/wp-json\/wp\/v2\/comments?post=157"}],"version-history":[{"count":9,"href":"https:\/\/mrnemezis.com\/index.php\/wp-json\/wp\/v2\/pages\/157\/revisions"}],"predecessor-version":[{"id":187,"href":"https:\/\/mrnemezis.com\/index.php\/wp-json\/wp\/v2\/pages\/157\/revisions\/187"}],"wp:attachment":[{"href":"https:\/\/mrnemezis.com\/index.php\/wp-json\/wp\/v2\/media?parent=157"}],"curies":[{"name":"wp","href":"https:\/\/api.w.org\/{rel}","templated":true}]}}