{"id":192,"date":"2026-04-06T15:33:15","date_gmt":"2026-04-06T15:33:15","guid":{"rendered":"https:\/\/mrnemezis.com\/?page_id=192"},"modified":"2026-04-06T19:29:43","modified_gmt":"2026-04-06T19:29:43","slug":"fragmenty-tylko-dla-subskrybentow","status":"publish","type":"page","link":"https:\/\/mrnemezis.com\/index.php\/fragmenty-tylko-dla-subskrybentow\/","title":{"rendered":"Fragmenty Tylko dla subskrybent\u00f3w"},"content":{"rendered":"\n<p>Jeszcze raz Ci dzi\u0119kuj\u0119 za to, \u017ce podoba Ci si\u0119 to co robie i jak nagrywam historie Andrzeja. Specjalnie dla Ciebie publikuje kolejne &#8211; fragmenty audiobooka.<\/p>\n\n\n\n<p> Co jaki\u015b czas w miar\u0119 dalszego nagrywania b\u0119d\u0119 tu &#8211; jak czas pozwoli &#8211; publikowa\u0107 nowe fragmenty. Poinformuj\u0119 Ci\u0119 o tym w wiadomo\u015bci email. <\/p>\n\n\n\n<p>\u017bycz\u0119 przyjemnego s\u0142uchania.<\/p>\n\n\n\n<figure class=\"wp-block-audio\"><audio controls src=\"https:\/\/mrnemezis.com\/wp-content\/uploads\/2026\/04\/Fragment-2c.mp3\"><\/audio><\/figure>\n\n\n\n<p><\/p>\n","protected":false},"excerpt":{"rendered":"<p>Jeszcze raz Ci dzi\u0119kuj\u0119 za to, \u017ce podoba Ci si\u0119 to co robie i jak nagrywam historie Andrzeja. Specjalnie dla Ciebie publikuje kolejne &#8211; fragmenty audiobooka. Co jaki\u015b czas w miar\u0119 dalszego nagrywania b\u0119d\u0119 tu &#8211; jak czas pozwoli &#8211; publikowa\u0107 nowe fragmenty. Poinformuj\u0119 Ci\u0119 o tym w wiadomo\u015bci email. \u017bycz\u0119 przyjemnego s\u0142uchania.<\/p>\n","protected":false},"author":1,"featured_media":0,"parent":0,"menu_order":0,"comment_status":"closed","ping_status":"closed","template":"","meta":{"footnotes":""},"class_list":["post-192","page","type-page","status-publish","hentry"],"blocksy_meta":[],"_links":{"self":[{"href":"https:\/\/mrnemezis.com\/index.php\/wp-json\/wp\/v2\/pages\/192","targetHints":{"allow":["GET"]}}],"collection":[{"href":"https:\/\/mrnemezis.com\/index.php\/wp-json\/wp\/v2\/pages"}],"about":[{"href":"https:\/\/mrnemezis.com\/index.php\/wp-json\/wp\/v2\/types\/page"}],"author":[{"embeddable":true,"href":"https:\/\/mrnemezis.com\/index.php\/wp-json\/wp\/v2\/users\/1"}],"replies":[{"embeddable":true,"href":"https:\/\/mrnemezis.com\/index.php\/wp-json\/wp\/v2\/comments?post=192"}],"version-history":[{"count":2,"href":"https:\/\/mrnemezis.com\/index.php\/wp-json\/wp\/v2\/pages\/192\/revisions"}],"predecessor-version":[{"id":206,"href":"https:\/\/mrnemezis.com\/index.php\/wp-json\/wp\/v2\/pages\/192\/revisions\/206"}],"wp:attachment":[{"href":"https:\/\/mrnemezis.com\/index.php\/wp-json\/wp\/v2\/media?parent=192"}],"curies":[{"name":"wp","href":"https:\/\/api.w.org\/{rel}","templated":true}]}}