{"id":227,"date":"2026-04-11T16:05:49","date_gmt":"2026-04-11T16:05:49","guid":{"rendered":"https:\/\/mrnemezis.com\/?post_type=product&#038;p=227"},"modified":"2026-04-13T11:04:55","modified_gmt":"2026-04-13T11:04:55","slug":"33-lata-falszu-i-obludy","status":"publish","type":"product","link":"https:\/\/mrnemezis.com\/index.php\/produkt\/33-lata-falszu-i-obludy\/","title":{"rendered":"33 lata fa\u0142szu i ob\u0142udy"},"content":{"rendered":"<p>Ksi\u0105\u017cka, kt\u00f3rej autor opisuje swoje losy i okoliczno\u015bci, kt\u00f3re doprowadzi\u0142y go do wi\u0119zienia.<br \/>\n&#8222;Dawniej \u017cycie za murami wi\u0119zienia wi\u0105za\u0142o si\u0119 z przestrzeganiem pewnych norm i zasad. Z czasem to jednak pieni\u0105dze ustawi\u0142y warunki panuj\u0105ce wewn\u0105trz. Je\u015bli je mia\u0142e\u015b by\u0142e\u015b kim\u015b. Je\u015bli nie mog\u0142e\u015b po wej\u015bciu spisywa\u0107 testament&#8221;<\/p>\n","protected":false},"excerpt":{"rendered":"<p>Ksi\u0105\u017cka, kt\u00f3rej autor opisuje swoje losy i okoliczno\u015bci, kt\u00f3re doprowadzi\u0142y go do wi\u0119zienia.<\/p>\n","protected":false},"featured_media":232,"comment_status":"open","ping_status":"closed","template":"","meta":[],"product_brand":[],"product_cat":[18],"product_tag":[],"class_list":{"0":"post-227","1":"product","2":"type-product","3":"status-publish","4":"has-post-thumbnail","6":"product_cat-audiobook","8":"first","9":"instock","10":"sale","11":"downloadable","12":"virtual","13":"purchasable","14":"product-type-simple"},"jetpack_sharing_enabled":true,"_links":{"self":[{"href":"https:\/\/mrnemezis.com\/index.php\/wp-json\/wp\/v2\/product\/227","targetHints":{"allow":["GET"]}}],"collection":[{"href":"https:\/\/mrnemezis.com\/index.php\/wp-json\/wp\/v2\/product"}],"about":[{"href":"https:\/\/mrnemezis.com\/index.php\/wp-json\/wp\/v2\/types\/product"}],"replies":[{"embeddable":true,"href":"https:\/\/mrnemezis.com\/index.php\/wp-json\/wp\/v2\/comments?post=227"}],"wp:featuredmedia":[{"embeddable":true,"href":"https:\/\/mrnemezis.com\/index.php\/wp-json\/wp\/v2\/media\/232"}],"wp:attachment":[{"href":"https:\/\/mrnemezis.com\/index.php\/wp-json\/wp\/v2\/media?parent=227"}],"wp:term":[{"taxonomy":"product_brand","embeddable":true,"href":"https:\/\/mrnemezis.com\/index.php\/wp-json\/wp\/v2\/product_brand?post=227"},{"taxonomy":"product_cat","embeddable":true,"href":"https:\/\/mrnemezis.com\/index.php\/wp-json\/wp\/v2\/product_cat?post=227"},{"taxonomy":"product_tag","embeddable":true,"href":"https:\/\/mrnemezis.com\/index.php\/wp-json\/wp\/v2\/product_tag?post=227"}],"curies":[{"name":"wp","href":"https:\/\/api.w.org\/{rel}","templated":true}]}}